{"id":1077,"date":"2016-06-23T10:59:14","date_gmt":"2016-06-23T09:59:14","guid":{"rendered":"https:\/\/labellardiere.fr\/?page_id=1077"},"modified":"2016-06-29T17:43:14","modified_gmt":"2016-06-29T16:43:14","slug":"acces-client","status":"publish","type":"page","link":"https:\/\/labellardiere.fr\/?page_id=1077","title":{"rendered":"Acc\u00e8s client"},"content":{"rendered":"<div style=\"display:inline-block;width:100%;max-width:260px;margin-right:15px;vertical-align:top;font-family:'Open Sans',sans-serif;\"><span style=\"display:block;padding:4px;text-align:center;color:#3b54eb;font-size:14px;border:1px dashed #3b54eb;\">Acc\u00e8s aux albums priv\u00e9s<\/span><\/p>\n<p style=\"margin-top:5px;margin-bottom:10px;font-size:13px;\">Saisissez ci-dessous vos identifiants pour acc\u00e9der \u00e0 vos albums<\/p>\n<form method=\"post\" action=\"http:\/\/www.jingoo.com\/index.php\" target=\"_top\">\n<div><input name=\"login\" id=\"identifiant2\" value=\"BK5-\" placeholder=\"Identifiant\" style=\"width:100%;background:#D8D8D8;border:1px solid #ccc;padding:5px 10px;color:#555;margin-bottom: 5px;\" type=\"text\"><\/div>\n<div><input name=\"password\" id=\"pass2\" value=\"Mot de passe\" placeholder=\"Mot de passe\" onfocus=\"if (this.value=='Mot de passe') {this.value=''}\" style=\"width:100%;background:#D8D8D8;border:1px solid #ccc;padding:5px 10px;color:#555;margin-bottom: 5px;\" type=\"text\"><\/div>\n<p><input name=\"action\" value=\"login\" type=\"hidden\"><input name=\"idPhotographeAccesModule\" value=\"\/infos\/acces.php\/2318899\" type=\"hidden\"><button name=\"Submit3\" value=\"OK\" type=\"submit\" style=\"display:block;width:100%;border:0;padding:5px;color:#ffffff;background-color:#3b54eb;font-size:13px;margin-top:5px;text-decoration:none;text-align: center;border-radius:2px;cursor:pointer;font-family:'Open Sans',sans-serif;text-transform:uppercase;\">Connexion<\/button><\/form>\n<\/div>\n","protected":false},"excerpt":{"rendered":"<p>Acc\u00e8s aux albums priv\u00e9s Saisissez ci-dessous vos identifiants pour acc\u00e9der \u00e0 vos albums Connexion<\/p>\n","protected":false},"author":1,"featured_media":0,"parent":0,"menu_order":0,"comment_status":"closed","ping_status":"closed","template":"","meta":{"footnotes":""},"class_list":["post-1077","page","type-page","status-publish","hentry"],"_links":{"self":[{"href":"https:\/\/labellardiere.fr\/index.php?rest_route=\/wp\/v2\/pages\/1077","targetHints":{"allow":["GET"]}}],"collection":[{"href":"https:\/\/labellardiere.fr\/index.php?rest_route=\/wp\/v2\/pages"}],"about":[{"href":"https:\/\/labellardiere.fr\/index.php?rest_route=\/wp\/v2\/types\/page"}],"author":[{"embeddable":true,"href":"https:\/\/labellardiere.fr\/index.php?rest_route=\/wp\/v2\/users\/1"}],"replies":[{"embeddable":true,"href":"https:\/\/labellardiere.fr\/index.php?rest_route=%2Fwp%2Fv2%2Fcomments&post=1077"}],"version-history":[{"count":7,"href":"https:\/\/labellardiere.fr\/index.php?rest_route=\/wp\/v2\/pages\/1077\/revisions"}],"predecessor-version":[{"id":1089,"href":"https:\/\/labellardiere.fr\/index.php?rest_route=\/wp\/v2\/pages\/1077\/revisions\/1089"}],"wp:attachment":[{"href":"https:\/\/labellardiere.fr\/index.php?rest_route=%2Fwp%2Fv2%2Fmedia&parent=1077"}],"curies":[{"name":"wp","href":"https:\/\/api.w.org\/{rel}","templated":true}]}}