{"id":289,"date":"2014-08-23T16:51:56","date_gmt":"2014-08-23T15:51:56","guid":{"rendered":"https:\/\/labellardiere.fr\/?page_id=289"},"modified":"2019-03-01T15:17:11","modified_gmt":"2019-03-01T14:17:11","slug":"accueil","status":"publish","type":"page","link":"https:\/\/labellardiere.fr\/?page_id=289","title":{"rendered":"Accueil"},"content":{"rendered":"\n\n<p>\u00a0<\/p>\n<p>\u00a0<\/p>\n<p>\u00a0<\/p>\n<p>\u00a0<\/p>\n<p>\u00a0<\/p>\n<p>\u00a0<\/p>\n<p>\u00a0<\/p>\n<p>\u00a0<\/p>\n<p>\u00a0<\/p>\n<p><span style=\"color: #ffff99;\"><b><span style=\"font-family: Arial; font-size: small;\">C&rsquo;est le sujet ou le mod\u00e8le qui fait la photo et non le photographe qui n&rsquo;est l\u00e0 que pour sublimer l&rsquo;instant pr\u00e9sent et pour cela il est aid\u00e9 dans sa t\u00e2che par la lumi\u00e8re.<\/span><\/b><\/span><\/p>\n<p><span style=\"color: #ffff99;\"><b><span style=\"font-family: Arial; font-size: small;\">Dans les photos de mod\u00e8les, le photographe ne prend QUE ce que le mod\u00e8le lui donne.<\/span><\/b><\/span><\/p>\n<p><span style=\"color: #ffff99;\"><b><span style=\"font-family: Arial; font-size: small;\">La relation photographe &#8211; mod\u00e8le est primordiale, elle s&rsquo;\u00e9value toujours dans un portrait.<\/span><\/b><\/span><\/p>\n<p><span style=\"color: #ffff99;\"><b><span style=\"font-family: Arial; font-size: small;\">Je privil\u00e9gie toujours la simplicit\u00e9, le naturel, les regards francs et directs et la confiance. Sans tout cela il ne peut y avoir de belles photos.<br \/><\/span><\/b><\/span><\/p>\n<p class=\"prettyprint lang-html\"><span class=\"tag\">\u00a0<\/span><\/p>","protected":false},"excerpt":{"rendered":"<p>\u00a0 \u00a0 \u00a0 \u00a0 \u00a0 \u00a0 \u00a0 \u00a0 \u00a0 C&rsquo;est le sujet ou le mod\u00e8le qui fait la photo et non le photographe qui n&rsquo;est l\u00e0 que pour sublimer l&rsquo;instant pr\u00e9sent et pour cela il est aid\u00e9 dans sa t\u00e2che par la lumi\u00e8re. Dans les photos de mod\u00e8les, le photographe ne prend QUE ce que [&hellip;]<\/p>\n","protected":false},"author":1,"featured_media":0,"parent":0,"menu_order":0,"comment_status":"open","ping_status":"open","template":"","meta":{"footnotes":""},"class_list":["post-289","page","type-page","status-publish","hentry"],"_links":{"self":[{"href":"https:\/\/labellardiere.fr\/index.php?rest_route=\/wp\/v2\/pages\/289","targetHints":{"allow":["GET"]}}],"collection":[{"href":"https:\/\/labellardiere.fr\/index.php?rest_route=\/wp\/v2\/pages"}],"about":[{"href":"https:\/\/labellardiere.fr\/index.php?rest_route=\/wp\/v2\/types\/page"}],"author":[{"embeddable":true,"href":"https:\/\/labellardiere.fr\/index.php?rest_route=\/wp\/v2\/users\/1"}],"replies":[{"embeddable":true,"href":"https:\/\/labellardiere.fr\/index.php?rest_route=%2Fwp%2Fv2%2Fcomments&post=289"}],"version-history":[{"count":30,"href":"https:\/\/labellardiere.fr\/index.php?rest_route=\/wp\/v2\/pages\/289\/revisions"}],"predecessor-version":[{"id":1313,"href":"https:\/\/labellardiere.fr\/index.php?rest_route=\/wp\/v2\/pages\/289\/revisions\/1313"}],"wp:attachment":[{"href":"https:\/\/labellardiere.fr\/index.php?rest_route=%2Fwp%2Fv2%2Fmedia&parent=289"}],"curies":[{"name":"wp","href":"https:\/\/api.w.org\/{rel}","templated":true}]}}