{"id":409,"date":"2014-08-25T18:05:20","date_gmt":"2014-08-25T17:05:20","guid":{"rendered":"https:\/\/labellardiere.fr\/?page_id=409"},"modified":"2021-01-22T18:13:52","modified_gmt":"2021-01-22T17:13:52","slug":"home-page","status":"publish","type":"page","link":"https:\/\/labellardiere.fr\/","title":{"rendered":"Home Page"},"content":{"rendered":"<p>Photographe professionnel en retraite (ancien Siret : 521 351 478 00016 \u2013 APE : 7420Z) mais surtout passionn\u00e9. \u00c9quip\u00e9 de mat\u00e9riel professionnel (photo : Nikon D800 et mat\u00e9riel de studio mobile).<\/p>\n<p>Habite dans l&rsquo;Eure et Loir, mais tr\u00e8s proche de l&rsquo;Ile de France (15 km au sud de Mantes\u2013la-jolie) et peux se d\u00e9placer sans probl\u00e8me sur la r\u00e9gion parisienne et sur la Normandie. Disponible.<\/p>\n","protected":false},"excerpt":{"rendered":"<p>Photographe professionnel en retraite (ancien Siret : 521 351 478 00016 \u2013 APE : 7420Z) mais surtout passionn\u00e9. \u00c9quip\u00e9 de mat\u00e9riel professionnel (photo : Nikon D800 et mat\u00e9riel de studio mobile). Habite dans l&rsquo;Eure et Loir, mais tr\u00e8s proche de l&rsquo;Ile de France (15 km au sud de Mantes\u2013la-jolie) et peux se d\u00e9placer sans probl\u00e8me [&hellip;]<\/p>\n","protected":false},"author":1,"featured_media":0,"parent":0,"menu_order":0,"comment_status":"open","ping_status":"open","template":"template-gallery-kenburns.php","meta":{"footnotes":""},"class_list":["post-409","page","type-page","status-publish","hentry"],"_links":{"self":[{"href":"https:\/\/labellardiere.fr\/index.php?rest_route=\/wp\/v2\/pages\/409","targetHints":{"allow":["GET"]}}],"collection":[{"href":"https:\/\/labellardiere.fr\/index.php?rest_route=\/wp\/v2\/pages"}],"about":[{"href":"https:\/\/labellardiere.fr\/index.php?rest_route=\/wp\/v2\/types\/page"}],"author":[{"embeddable":true,"href":"https:\/\/labellardiere.fr\/index.php?rest_route=\/wp\/v2\/users\/1"}],"replies":[{"embeddable":true,"href":"https:\/\/labellardiere.fr\/index.php?rest_route=%2Fwp%2Fv2%2Fcomments&post=409"}],"version-history":[{"count":15,"href":"https:\/\/labellardiere.fr\/index.php?rest_route=\/wp\/v2\/pages\/409\/revisions"}],"predecessor-version":[{"id":1055,"href":"https:\/\/labellardiere.fr\/index.php?rest_route=\/wp\/v2\/pages\/409\/revisions\/1055"}],"wp:attachment":[{"href":"https:\/\/labellardiere.fr\/index.php?rest_route=%2Fwp%2Fv2%2Fmedia&parent=409"}],"curies":[{"name":"wp","href":"https:\/\/api.w.org\/{rel}","templated":true}]}}