{"id":515,"date":"2014-08-27T13:44:40","date_gmt":"2014-08-27T12:44:40","guid":{"rendered":"https:\/\/labellardiere.fr\/?page_id=515"},"modified":"2014-08-27T13:59:48","modified_gmt":"2014-08-27T12:59:48","slug":"espace-client","status":"publish","type":"page","link":"https:\/\/labellardiere.fr\/?page_id=515","title":{"rendered":"Espace client"},"content":{"rendered":"<p>&nbsp;<\/p>\n<p>Bienvenue dans votre espace priv\u00e9.<\/p>\n<p>Merci de s\u00e9lectionner votre nom dans le menu d\u00e9roulant et saisir ensuite le mot de passe qui vous a \u00e9t\u00e9 transmis par mail (ou SMS) afin d&rsquo;acc\u00e9der \u00e0 votre section priv\u00e9e.<\/p>\n<p>N&rsquo;h\u00e9sitez pas \u00e0 me contacter en cas de probl\u00e8me.<\/p>\n<p>&nbsp;<\/p>\n<p>&nbsp;<\/p>\n<p>&nbsp;<\/p>\n","protected":false},"excerpt":{"rendered":"<p>&nbsp; Bienvenue dans votre espace priv\u00e9. Merci de s\u00e9lectionner votre nom dans le menu d\u00e9roulant et saisir ensuite le mot de passe qui vous a \u00e9t\u00e9 transmis par mail (ou SMS) afin d&rsquo;acc\u00e9der \u00e0 votre section priv\u00e9e. N&rsquo;h\u00e9sitez pas \u00e0 me contacter en cas de probl\u00e8me. &nbsp; &nbsp; &nbsp;<\/p>\n","protected":false},"author":1,"featured_media":0,"parent":0,"menu_order":0,"comment_status":"open","ping_status":"open","template":"","meta":{"footnotes":""},"class_list":["post-515","page","type-page","status-publish","hentry"],"_links":{"self":[{"href":"https:\/\/labellardiere.fr\/index.php?rest_route=\/wp\/v2\/pages\/515","targetHints":{"allow":["GET"]}}],"collection":[{"href":"https:\/\/labellardiere.fr\/index.php?rest_route=\/wp\/v2\/pages"}],"about":[{"href":"https:\/\/labellardiere.fr\/index.php?rest_route=\/wp\/v2\/types\/page"}],"author":[{"embeddable":true,"href":"https:\/\/labellardiere.fr\/index.php?rest_route=\/wp\/v2\/users\/1"}],"replies":[{"embeddable":true,"href":"https:\/\/labellardiere.fr\/index.php?rest_route=%2Fwp%2Fv2%2Fcomments&post=515"}],"version-history":[{"count":2,"href":"https:\/\/labellardiere.fr\/index.php?rest_route=\/wp\/v2\/pages\/515\/revisions"}],"predecessor-version":[{"id":524,"href":"https:\/\/labellardiere.fr\/index.php?rest_route=\/wp\/v2\/pages\/515\/revisions\/524"}],"wp:attachment":[{"href":"https:\/\/labellardiere.fr\/index.php?rest_route=%2Fwp%2Fv2%2Fmedia&parent=515"}],"curies":[{"name":"wp","href":"https:\/\/api.w.org\/{rel}","templated":true}]}}